{"id":157,"date":"2025-06-02T18:26:10","date_gmt":"2025-06-02T18:26:10","guid":{"rendered":"https:\/\/gruene-brechen-huenfelden.de\/?page_id=157"},"modified":"2026-02-24T20:44:52","modified_gmt":"2026-02-24T20:44:52","slug":"datenschutzerklaerung","status":"publish","type":"page","link":"https:\/\/gruene-brechen-huenfelden.de\/?page_id=157","title":{"rendered":"Datenschutzerkl\u00e4rung"},"content":{"rendered":"\n<p>Der Schutz Deiner pers\u00f6nlichen Daten ist uns ein besonderes Anliegen. Wir verarbeiten Deine Daten daher ausschlie\u00dflich auf Grundlage der gesetzlichen Bestimmungen (EU-Datenschutzgrundverordnung, Telemediengesetz). In diesen Datenschutzinformationen informieren wir Dich \u00fcber die wichtigsten Aspekte der Datenverarbeitung im Rahmen unserer Website.<\/p>\n\n\n\n<h2 class=\"wp-block-heading\">Pers\u00f6nliche Daten<\/h2>\n\n\n\n<p>Pers\u00f6nliche Daten, die Du bei B\u00dcNDNIS 90\/DIE GR\u00dcNEN, Ortsverband Brechen\/H\u00fcnfelden elektronisch \u00fcbermittelst, z.B. Deinen Namen, Postanschrift, E-Mail-Adresse oder andere pers\u00f6nlichen Angaben, werden von uns nur zum jeweils angegebenen Zweck verwendet, sicher verwahrt und nicht an Dritte weitergegeben. B\u00dcNDNIS 90\/DIE GR\u00dcNEN Bundesgesch\u00e4ftsstelle wird Dir nur Informationen zuschicken, sofern Du dich f\u00fcr entsprechende Dienste angemeldet hast.<\/p>\n\n\n\n<h3 class=\"wp-block-heading\"><strong>Kontakt mit uns<\/strong><\/h3>\n\n\n\n<p>Wenn Du per Formular auf der Website oder per E-Mail Kontakt mit uns aufnimmst, werden Deine angegebenen Daten zwecks Bearbeitung der Anfrage und f\u00fcr den Fall von Anschlussfragen sechs Monate bei uns gespeichert.<\/p>\n\n\n\n<h3 class=\"wp-block-heading\"><strong>Datenl\u00f6schung und Speicherung<\/strong><\/h3>\n\n\n\n<p>Deine personenbezogenen Daten werden gel\u00f6scht oder gesperrt, sobald der Zweck der Speicherung entf\u00e4llt. Eine l\u00e4ngere Speicherung kann dann erfolgen, wenn der L\u00f6schung eine gesetzliche Aufbewahrungsfrist z.B. entsprechend des Parteienrechts entgegensteht. Eine Weitergabe an Dritte erfolgt nicht.<\/p>\n\n\n\n<h3 class=\"wp-block-heading\"><strong>Rechtsgrundlage<\/strong><\/h3>\n\n\n\n<p>Die Datenverarbeitung erfolgt auf Basis der gesetzlichen Bestimmungen und folgender Rechtsgrundlagen gem\u00e4\u00df Artikel 6 Abs. 1 der Europ\u00e4ischen Datenschutz-Grundverordnung:<\/p>\n\n\n\n<ul class=\"wp-block-list\">\n<li>Einwilligung<\/li>\n\n\n\n<li>Vertragserf\u00fcllung oder vorvertragliche Ma\u00dfnahmen<\/li>\n\n\n\n<li>rechtliche Verpflichtungen<\/li>\n\n\n\n<li>Zur Wahrung eines berechtigten Interesses. Die schutzw\u00fcrdigen Interessen der Betroffenen \u00fcberwiegen das erstgenannte Interesse nicht.<\/li>\n<\/ul>\n\n\n\n<p>Unser Anliegen im Sinne der DSGVO (berechtigtes Interesse) ist die Verbesserung unseres Angebotes und unseres Webauftritts. Da uns die Privatsph\u00e4re unserer Nutzer wichtig ist, werden die Nutzerdaten pseudonymisiert. Die Daten werden von uns f\u00fcr ein Jahr zu Nutzungsanalysezwecken gespeichert. Deine IP-Adresse wird bei diesem Vorgang umgehend anonymisiert, so dass Du als Nutzer f\u00fcr uns anonym bleibst. Die durch den Cookie erzeugten Informationen \u00fcber Deine Benutzung dieser Webseite werden nicht an Dritte weiter gegeben.<\/p>\n\n\n\n<h3 class=\"wp-block-heading\"><strong>Verwendung von Cookies<\/strong><\/h3>\n\n\n\n<p>Unsere Website verwendet so genannte Cookies. Dabei handelt es sich um kleine Textdateien, die mit Hilfe des Browsers auf Deinem Endger\u00e4t abgelegt werden. Sie richten keinen Schaden an.<\/p>\n\n\n\n<p>Wir nutzen Cookies dazu, unser Angebot nutzerfreundlich zu gestalten. Einige Cookies bleiben auf Deinem Endger\u00e4t gespeichert, bis Du diese l\u00f6schst. Sie erm\u00f6glichen es uns, Deinen Browser beim n\u00e4chsten Besuch wiederzuerkennen.<\/p>\n\n\n\n<p>Wenn Du dies nicht w\u00fcnschst, kannst Du Deinen Browser so einrichten, dass er Dich \u00fcber das Setzen von Cookies informiert und Du dies nur im Einzelfall erlauben. Bei der Deaktivierung von Cookies kann die Funktionalit\u00e4t unserer Website eingeschr\u00e4nkt sein.<\/p>\n\n\n\n<p><\/p>\n\n\n\n<h3 class=\"wp-block-heading\"><strong>Verwendung von Social Plugins (z. B. Instagram, Facebook<\/strong>)<\/h3>\n\n\n\n<p>Die Webseite gruene.de verwendet mit den \u201eTeilen\u201c Buttons am Anfang der Artikel sogenannte Social Plugins von Facebook, Twitter und Google+. Das Plugin ist mit den entsprechenden Logos gekennzeichnet. Wenn Du dieses Plugin durch Anklicken des jeweiligen Buttons aufrufst, wird eine Verbindung z.B. zu den Facebook-Servern hergestellt. Damit werden Daten an ein au\u00dfereurop\u00e4isches Drittland \u00fcbertragen. Hierdurch wird an den Facebook-Server \u00fcbermittelt, welche unserer Internetseiten Du besucht hast. Bist du dabei als Mitglied bei Facebook eingeloggt, ordnet Facebook diese Information Deinem pers\u00f6nlichen Facebook-Benutzerkonto zu. Beim Anklicken des \u201eEmpfehlen\u201c-Buttons werden diese Informationen Deinem Facebook-Konto zugeordnet, was Du nur durch Ausloggen vor Nutzung des Plugins verhindern kannst. N\u00e4here Informationen zur Erhebung und Nutzung der Daten durch Facebook, \u00fcber Deine diesbez\u00fcglichen Rechte und M\u00f6glichkeiten zum Schutz Deiner Privatsph\u00e4re findest Du in den Datenschutzhinweisen von Facebook.<\/p>\n\n\n\n<h3 class=\"wp-block-heading\">Links zu anderen Webseiten<\/h3>\n\n\n\n<p>Unser Angebot enth\u00e4lt Links zu externen Webseiten Dritter, auf deren Inhalte wir keinen Einfluss haben. Deshalb k\u00f6nnen wir f\u00fcr diese fremden Inhalte auch keine Gew\u00e4hr \u00fcbernehmen. F\u00fcr die Inhalte der verlinkten Seiten ist stets der jeweilige Anbieter oder Betreiber der Seiten verantwortlich. Die verlinkten Seiten wurden zum Zeitpunkt der Verlinkung auf m\u00f6gliche Rechtsverst\u00f6\u00dfe \u00fcberpr\u00fcft. Rechtswidrige Inhalte waren zum Zeitpunkt der Verlinkung nicht erkennbar. Eine permanente inhaltliche Kontrolle der verlinkten Seiten ist jedoch ohne konkrete Anhaltspunkte einer Rechtsverletzung nicht zumutbar. Bei bekannt werden von Rechtsverletzungen werden wir derartige Links umgehend entfernen.<\/p>\n\n\n\n<h3 class=\"wp-block-heading\">Deine Rechte<\/h3>\n\n\n\n<p>Dir stehen grunds\u00e4tzlich die Rechte auf Auskunft, Berichtigung, L\u00f6schung, Einschr\u00e4nkung, Daten\u00fcbertragbarkeit, Widerruf und Widerspruch zu. Wenn Du glaubst, dass die Verarbeitung Deiner Daten gegen das Datenschutzrecht verst\u00f6\u00dft oder Deine datenschutzrechtlichen Anspr\u00fcche sonst in einer Weise verletzt worden sind, kannst Du Dich bei der Aufsichtsbeh\u00f6rde beschweren. In Deutschland sind dies die jeweiligen Landes-Datenschutzbeauftragten.<\/p>\n","protected":false},"excerpt":{"rendered":"<p>Der Schutz Deiner pers\u00f6nlichen Daten ist uns ein besonderes Anliegen. Wir verarbeiten Deine Daten daher ausschlie\u00dflich auf Grundlage der gesetzlichen Bestimmungen (EU-Datenschutzgrundverordnung, Telemediengesetz). In diesen Datenschutzinformationen informieren wir Dich \u00fcber [&hellip;]<\/p>\n","protected":false},"author":6,"featured_media":0,"parent":78,"menu_order":0,"comment_status":"closed","ping_status":"closed","template":"","meta":{"footnotes":""},"class_list":["post-157","page","type-page","status-publish","hentry"],"_links":{"self":[{"href":"https:\/\/gruene-brechen-huenfelden.de\/index.php?rest_route=\/wp\/v2\/pages\/157","targetHints":{"allow":["GET"]}}],"collection":[{"href":"https:\/\/gruene-brechen-huenfelden.de\/index.php?rest_route=\/wp\/v2\/pages"}],"about":[{"href":"https:\/\/gruene-brechen-huenfelden.de\/index.php?rest_route=\/wp\/v2\/types\/page"}],"author":[{"embeddable":true,"href":"https:\/\/gruene-brechen-huenfelden.de\/index.php?rest_route=\/wp\/v2\/users\/6"}],"replies":[{"embeddable":true,"href":"https:\/\/gruene-brechen-huenfelden.de\/index.php?rest_route=%2Fwp%2Fv2%2Fcomments&post=157"}],"version-history":[{"count":3,"href":"https:\/\/gruene-brechen-huenfelden.de\/index.php?rest_route=\/wp\/v2\/pages\/157\/revisions"}],"predecessor-version":[{"id":719,"href":"https:\/\/gruene-brechen-huenfelden.de\/index.php?rest_route=\/wp\/v2\/pages\/157\/revisions\/719"}],"up":[{"embeddable":true,"href":"https:\/\/gruene-brechen-huenfelden.de\/index.php?rest_route=\/wp\/v2\/pages\/78"}],"wp:attachment":[{"href":"https:\/\/gruene-brechen-huenfelden.de\/index.php?rest_route=%2Fwp%2Fv2%2Fmedia&parent=157"}],"curies":[{"name":"wp","href":"https:\/\/api.w.org\/{rel}","templated":true}]}}