{"id":364,"date":"2026-01-31T15:08:28","date_gmt":"2026-01-31T15:08:28","guid":{"rendered":"https:\/\/gruene-brechen-huenfelden.de\/?page_id=364"},"modified":"2026-01-31T15:43:29","modified_gmt":"2026-01-31T15:43:29","slug":"vorstand","status":"publish","type":"page","link":"https:\/\/gruene-brechen-huenfelden.de\/?page_id=364","title":{"rendered":"Vorstand"},"content":{"rendered":"\n<div class=\"wp-block-columns is-layout-flex wp-container-core-columns-is-layout-9d6595d7 wp-block-columns-is-layout-flex\">\n<div class=\"wp-block-column mb-md-4 is-layout-flow wp-block-column-is-layout-flow\">\n<div class=\"wp-block-columns is-layout-flex wp-container-core-columns-is-layout-9d6595d7 wp-block-columns-is-layout-flex\">\n<div class=\"wp-block-column is-layout-flow wp-block-column-is-layout-flow\">\n<div class=\"wp-block-media-text alignwide is-stacked-on-mobile person has-shadow\"><figure class=\"wp-block-media-text__media\"><img loading=\"lazy\" decoding=\"async\" width=\"682\" height=\"1024\" src=\"https:\/\/gruene-brechen-huenfelden.de\/wp-content\/uploads\/2026\/01\/Z62_2528-Portraet-reduziert-682x1024.jpg\" alt=\"Balduin Eisenbach\" class=\"wp-image-416 size-full\" srcset=\"https:\/\/gruene-brechen-huenfelden.de\/wp-content\/uploads\/2026\/01\/Z62_2528-Portraet-reduziert-682x1024.jpg 682w, https:\/\/gruene-brechen-huenfelden.de\/wp-content\/uploads\/2026\/01\/Z62_2528-Portraet-reduziert-200x300.jpg 200w, https:\/\/gruene-brechen-huenfelden.de\/wp-content\/uploads\/2026\/01\/Z62_2528-Portraet-reduziert-768x1153.jpg 768w, https:\/\/gruene-brechen-huenfelden.de\/wp-content\/uploads\/2026\/01\/Z62_2528-Portraet-reduziert-1023x1536.jpg 1023w, https:\/\/gruene-brechen-huenfelden.de\/wp-content\/uploads\/2026\/01\/Z62_2528-Portraet-reduziert-1364x2048.jpg 1364w, https:\/\/gruene-brechen-huenfelden.de\/wp-content\/uploads\/2026\/01\/Z62_2528-Portraet-reduziert-scaled.jpg 1705w\" sizes=\"auto, (max-width: 682px) 100vw, 682px\" \/><\/figure><div class=\"wp-block-media-text__content\">\n<p class=\"person-name\">Balduin Eisenbach<\/p>\n\n\n\n<p class=\"person-description\">Vorsitzender<\/p>\n\n\n\n<p><em><strong>&#8222;<strong>Ich stehe f\u00fcr\u00a0den Erhalt unserer Umwelt\u00a0und\u00a0eine Politik mit Blick auf kommende Generationen.<\/strong>&#8222;<\/strong><\/em><\/p>\n\n\n\n<p class=\"person-mail no-link\"><a href=\"#\" data-unscramble=\"ed.nedlefneuh-nehcerb-eneurg@dnatsrov\">vorstand@gruene-brechen-huenfelden.de<\/a><\/p>\n<\/div><\/div>\n<\/div>\n\n\n\n<div class=\"wp-block-column is-layout-flow wp-block-column-is-layout-flow\">\n<div class=\"wp-block-media-text alignwide is-stacked-on-mobile person has-shadow\"><figure class=\"wp-block-media-text__media\"><img loading=\"lazy\" decoding=\"async\" width=\"681\" height=\"1024\" src=\"https:\/\/gruene-brechen-huenfelden.de\/wp-content\/uploads\/2026\/01\/Z62_2545-Portraetreduziert-681x1024.jpeg\" alt=\"Andreas Schulze\" class=\"wp-image-418 size-full\" srcset=\"https:\/\/gruene-brechen-huenfelden.de\/wp-content\/uploads\/2026\/01\/Z62_2545-Portraetreduziert-681x1024.jpeg 681w, https:\/\/gruene-brechen-huenfelden.de\/wp-content\/uploads\/2026\/01\/Z62_2545-Portraetreduziert-200x300.jpeg 200w, https:\/\/gruene-brechen-huenfelden.de\/wp-content\/uploads\/2026\/01\/Z62_2545-Portraetreduziert-768x1154.jpeg 768w, https:\/\/gruene-brechen-huenfelden.de\/wp-content\/uploads\/2026\/01\/Z62_2545-Portraetreduziert-1022x1536.jpeg 1022w, https:\/\/gruene-brechen-huenfelden.de\/wp-content\/uploads\/2026\/01\/Z62_2545-Portraetreduziert-1363x2048.jpeg 1363w, https:\/\/gruene-brechen-huenfelden.de\/wp-content\/uploads\/2026\/01\/Z62_2545-Portraetreduziert-scaled.jpeg 1703w\" sizes=\"auto, (max-width: 681px) 100vw, 681px\" \/><\/figure><div class=\"wp-block-media-text__content\">\n<p class=\"person-name\">Andreas Schulze<\/p>\n\n\n\n<p class=\"person-description\">Stellvertretender Vorsitzender<\/p>\n\n\n\n<p><em><strong>&#8222;Ich&nbsp;will&nbsp;eine&nbsp;transparente,&nbsp;solidarische&nbsp;Kommunalpolitik&nbsp;machen,&nbsp;die&nbsp;unsere&nbsp;Gemeinde&nbsp;mit&nbsp;innovativen&nbsp;L\u00f6sungen&nbsp;weiterbringt.&#8220;<\/strong><\/em><\/p>\n\n\n\n<p class=\"person-mail no-link\"><a href=\"#\" data-unscramble=\"ed.emanhcan.emanrov@liam\"><\/a><a href=\"#\" data-unscramble=\"ed.nedlefneuh-nehcerb-eneurg@dnatsrov\">vorstand@gruene-brechen-huenfelden.de<\/a><\/p>\n<\/div><\/div>\n<\/div>\n\n\n\n<div class=\"wp-block-column is-layout-flow wp-block-column-is-layout-flow\">\n<div class=\"wp-block-media-text alignwide is-stacked-on-mobile person has-shadow\"><figure class=\"wp-block-media-text__media\"><img loading=\"lazy\" decoding=\"async\" width=\"681\" height=\"1024\" src=\"https:\/\/gruene-brechen-huenfelden.de\/wp-content\/uploads\/2026\/01\/Z62_2537-Portraet-reduziert-681x1024.jpeg\" alt=\"Olaf Hamann\" class=\"wp-image-422 size-full\" srcset=\"https:\/\/gruene-brechen-huenfelden.de\/wp-content\/uploads\/2026\/01\/Z62_2537-Portraet-reduziert-681x1024.jpeg 681w, https:\/\/gruene-brechen-huenfelden.de\/wp-content\/uploads\/2026\/01\/Z62_2537-Portraet-reduziert-200x300.jpeg 200w, https:\/\/gruene-brechen-huenfelden.de\/wp-content\/uploads\/2026\/01\/Z62_2537-Portraet-reduziert-768x1154.jpeg 768w, https:\/\/gruene-brechen-huenfelden.de\/wp-content\/uploads\/2026\/01\/Z62_2537-Portraet-reduziert-1022x1536.jpeg 1022w, https:\/\/gruene-brechen-huenfelden.de\/wp-content\/uploads\/2026\/01\/Z62_2537-Portraet-reduziert-1363x2048.jpeg 1363w, https:\/\/gruene-brechen-huenfelden.de\/wp-content\/uploads\/2026\/01\/Z62_2537-Portraet-reduziert-scaled.jpeg 1703w\" sizes=\"auto, (max-width: 681px) 100vw, 681px\" \/><\/figure><div class=\"wp-block-media-text__content\">\n<p class=\"person-name\">Olaf Hamann<\/p>\n\n\n\n<p class=\"person-description\">Schatzmeister<\/p>\n\n\n\n<p class=\"person-description\"><em><strong>&#8222;Ich&nbsp;stehe&nbsp;f\u00fcr&nbsp;Einnahmen&nbsp;durch&nbsp;alternative&nbsp;Energien&nbsp;mit&nbsp;B\u00fcrgerbeteiligungen&nbsp;f\u00fcr&nbsp;unsere&nbsp;Gemeinde.&#8220;<\/strong><\/em><\/p>\n\n\n\n<p class=\"person-mail no-link\"><a href=\"#\" data-unscramble=\"ed.emanhcan.emanrov@liam\"><\/a><a href=\"#\" data-unscramble=\"ed.nedlefneuh-nehcerb-eneurg@dnatsrov\">vorstand@gruene-brechen-huenfelden.de<\/a><\/p>\n<\/div><\/div>\n<\/div>\n<\/div>\n<\/div>\n<\/div>\n\n\n\n<div class=\"wp-block-columns is-layout-flex wp-container-core-columns-is-layout-9d6595d7 wp-block-columns-is-layout-flex\">\n<div class=\"wp-block-column mb-md-4 is-layout-flow wp-block-column-is-layout-flow\">\n<div class=\"wp-block-columns is-layout-flex wp-container-core-columns-is-layout-9d6595d7 wp-block-columns-is-layout-flex\">\n<div class=\"wp-block-column is-layout-flow wp-block-column-is-layout-flow\">\n<div class=\"wp-block-media-text alignwide is-stacked-on-mobile person has-shadow\"><figure class=\"wp-block-media-text__media\"><img loading=\"lazy\" decoding=\"async\" width=\"681\" height=\"1024\" src=\"https:\/\/gruene-brechen-huenfelden.de\/wp-content\/uploads\/2026\/01\/Z62_3260-Portraet-Reduziert-681x1024.jpg\" alt=\"Anette Knapp\" class=\"wp-image-428 size-full\" srcset=\"https:\/\/gruene-brechen-huenfelden.de\/wp-content\/uploads\/2026\/01\/Z62_3260-Portraet-Reduziert-681x1024.jpg 681w, https:\/\/gruene-brechen-huenfelden.de\/wp-content\/uploads\/2026\/01\/Z62_3260-Portraet-Reduziert-200x300.jpg 200w, https:\/\/gruene-brechen-huenfelden.de\/wp-content\/uploads\/2026\/01\/Z62_3260-Portraet-Reduziert-768x1154.jpg 768w, https:\/\/gruene-brechen-huenfelden.de\/wp-content\/uploads\/2026\/01\/Z62_3260-Portraet-Reduziert-1022x1536.jpg 1022w, https:\/\/gruene-brechen-huenfelden.de\/wp-content\/uploads\/2026\/01\/Z62_3260-Portraet-Reduziert-1363x2048.jpg 1363w, https:\/\/gruene-brechen-huenfelden.de\/wp-content\/uploads\/2026\/01\/Z62_3260-Portraet-Reduziert-scaled.jpg 1703w\" sizes=\"auto, (max-width: 681px) 100vw, 681px\" \/><\/figure><div class=\"wp-block-media-text__content\">\n<p class=\"person-name\">Anette Knapp<\/p>\n\n\n\n<p class=\"person-description\">Beisitzerin<\/p>\n\n\n\n<p class=\"person-description\"><em><strong><em><strong>&#8222;Klimaschutz, soziale Verantwortung und solide Finanzpolitik, sowie die St\u00e4rkung demokratischer Werte liegen mir am Herzen.&#8220;<\/strong><\/em><\/strong><\/em><\/p>\n\n\n\n<p class=\"person-mail no-link\"><a href=\"#\" data-unscramble=\"ed.emanhcan.emanrov@liam\"><\/a><a href=\"#\" data-unscramble=\"ed.nedlefneuh-nehcerb-eneurg@dnatsrov\">vorstand@gruene-brechen-huenfelden.de<\/a><\/p>\n<\/div><\/div>\n<\/div>\n\n\n\n<div class=\"wp-block-column is-layout-flow wp-block-column-is-layout-flow\">\n<div class=\"wp-block-media-text alignwide is-stacked-on-mobile person has-shadow\"><figure class=\"wp-block-media-text__media\"><img loading=\"lazy\" decoding=\"async\" width=\"681\" height=\"1024\" src=\"https:\/\/gruene-brechen-huenfelden.de\/wp-content\/uploads\/2026\/01\/Z62_2559-Portraet-Reduziert-681x1024.jpeg\" alt=\"Julia Friedrich\" class=\"wp-image-427 size-full\" srcset=\"https:\/\/gruene-brechen-huenfelden.de\/wp-content\/uploads\/2026\/01\/Z62_2559-Portraet-Reduziert-681x1024.jpeg 681w, https:\/\/gruene-brechen-huenfelden.de\/wp-content\/uploads\/2026\/01\/Z62_2559-Portraet-Reduziert-200x300.jpeg 200w, https:\/\/gruene-brechen-huenfelden.de\/wp-content\/uploads\/2026\/01\/Z62_2559-Portraet-Reduziert-768x1154.jpeg 768w, https:\/\/gruene-brechen-huenfelden.de\/wp-content\/uploads\/2026\/01\/Z62_2559-Portraet-Reduziert-1022x1536.jpeg 1022w, https:\/\/gruene-brechen-huenfelden.de\/wp-content\/uploads\/2026\/01\/Z62_2559-Portraet-Reduziert-1363x2048.jpeg 1363w, https:\/\/gruene-brechen-huenfelden.de\/wp-content\/uploads\/2026\/01\/Z62_2559-Portraet-Reduziert-scaled.jpeg 1703w\" sizes=\"auto, (max-width: 681px) 100vw, 681px\" \/><\/figure><div class=\"wp-block-media-text__content\">\n<p class=\"person-name\">Julia Friedrich<\/p>\n\n\n\n<p class=\"person-description\">Beisitzerin<\/p>\n\n\n\n<p class=\"person-description\"><em><strong>&#8222;Ich stehe f\u00fcr ein gelebtes Miteinander und zukunftsorientiertes Handeln.&#8220;<\/strong><\/em><\/p>\n\n\n\n<p class=\"person-mail no-link\"><a href=\"#\" data-unscramble=\"ed.emanhcan.emanrov@liam\"><\/a><a href=\"#\" data-unscramble=\"ed.nedlefneuh-nehcerb-eneurg@dnatsrov\">vorstand@gruene-brechen-huenfelden.de<\/a><\/p>\n<\/div><\/div>\n<\/div>\n\n\n\n<div class=\"wp-block-column is-layout-flow wp-block-column-is-layout-flow\"><\/div>\n<\/div>\n<\/div>\n<\/div>\n\n\n\n<p><\/p>\n","protected":false},"excerpt":{"rendered":"<p>Balduin Eisenbach Vorsitzender &#8222;Ich stehe f\u00fcr\u00a0den Erhalt unserer Umwelt\u00a0und\u00a0eine Politik mit Blick auf kommende Generationen.&#8222; vorstand@gruene-brechen-huenfelden.de Andreas Schulze Stellvertretender Vorsitzender &#8222;Ich&nbsp;will&nbsp;eine&nbsp;transparente,&nbsp;solidarische&nbsp;Kommunalpolitik&nbsp;machen,&nbsp;die&nbsp;unsere&nbsp;Gemeinde&nbsp;mit&nbsp;innovativen&nbsp;L\u00f6sungen&nbsp;weiterbringt.&#8220; vorstand@gruene-brechen-huenfelden.de Olaf Hamann Schatzmeister &#8222;Ich&nbsp;stehe&nbsp;f\u00fcr&nbsp;Einnahmen&nbsp;durch&nbsp;alternative&nbsp;Energien&nbsp;mit&nbsp;B\u00fcrgerbeteiligungen&nbsp;f\u00fcr&nbsp;unsere&nbsp;Gemeinde.&#8220; vorstand@gruene-brechen-huenfelden.de Anette Knapp Beisitzerin [&hellip;]<\/p>\n","protected":false},"author":6,"featured_media":0,"parent":78,"menu_order":0,"comment_status":"closed","ping_status":"closed","template":"","meta":{"footnotes":""},"class_list":["post-364","page","type-page","status-publish","hentry"],"_links":{"self":[{"href":"https:\/\/gruene-brechen-huenfelden.de\/index.php?rest_route=\/wp\/v2\/pages\/364","targetHints":{"allow":["GET"]}}],"collection":[{"href":"https:\/\/gruene-brechen-huenfelden.de\/index.php?rest_route=\/wp\/v2\/pages"}],"about":[{"href":"https:\/\/gruene-brechen-huenfelden.de\/index.php?rest_route=\/wp\/v2\/types\/page"}],"author":[{"embeddable":true,"href":"https:\/\/gruene-brechen-huenfelden.de\/index.php?rest_route=\/wp\/v2\/users\/6"}],"replies":[{"embeddable":true,"href":"https:\/\/gruene-brechen-huenfelden.de\/index.php?rest_route=%2Fwp%2Fv2%2Fcomments&post=364"}],"version-history":[{"count":18,"href":"https:\/\/gruene-brechen-huenfelden.de\/index.php?rest_route=\/wp\/v2\/pages\/364\/revisions"}],"predecessor-version":[{"id":563,"href":"https:\/\/gruene-brechen-huenfelden.de\/index.php?rest_route=\/wp\/v2\/pages\/364\/revisions\/563"}],"up":[{"embeddable":true,"href":"https:\/\/gruene-brechen-huenfelden.de\/index.php?rest_route=\/wp\/v2\/pages\/78"}],"wp:attachment":[{"href":"https:\/\/gruene-brechen-huenfelden.de\/index.php?rest_route=%2Fwp%2Fv2%2Fmedia&parent=364"}],"curies":[{"name":"wp","href":"https:\/\/api.w.org\/{rel}","templated":true}]}}