{"id":367,"date":"2025-12-11T18:29:45","date_gmt":"2025-12-11T18:29:45","guid":{"rendered":"https:\/\/gruene-brechen-huenfelden.de\/?page_id=367"},"modified":"2026-04-06T16:03:57","modified_gmt":"2026-04-06T16:03:57","slug":"liste-brechen-2026","status":"publish","type":"page","link":"https:\/\/gruene-brechen-huenfelden.de\/?page_id=367","title":{"rendered":"Brechen"},"content":{"rendered":"\n<h2 class=\"wp-block-heading\">Gr\u00fcnes Ergebnis f\u00fcr Brechen<\/h2>\n\n\n\n<figure class=\"wp-block-image size-full\"><img loading=\"lazy\" decoding=\"async\" width=\"752\" height=\"508\" src=\"https:\/\/gruene-brechen-huenfelden.de\/wp-content\/uploads\/2026\/04\/ergebnis_brechen.png\" alt=\"\" class=\"wp-image-758\" srcset=\"https:\/\/gruene-brechen-huenfelden.de\/wp-content\/uploads\/2026\/04\/ergebnis_brechen.png 752w, https:\/\/gruene-brechen-huenfelden.de\/wp-content\/uploads\/2026\/04\/ergebnis_brechen-300x203.png 300w\" sizes=\"auto, (max-width: 752px) 100vw, 752px\" \/><figcaption class=\"wp-element-caption\">https:\/\/wahlen.votemanager.de\/ | Kommunalwahl Brechen 2026; Quelle: Votemanager<\/figcaption><\/figure>\n\n\n\n<p>Das Ergebnis der Kommunalwahl in Hessen hat uns in Brechen auf Anhieb den Einzug in die Gemeindevertretung mit vier Mandaten erm\u00f6glicht. Unser Ergebnis konnten wir im Vergleich zur Bundestagswahl 2025 leicht verbessern.<\/p>\n\n\n\n<p>In die Gemeindevertretung wurden von unserer Liste gew\u00e4hlt:<br>Balduin Eisenbach, Martin H\u00f6hler, Hans-J\u00fcrgen Schermuly und Inge Eisenbach.<\/p>\n\n\n\n<figure class=\"wp-block-image size-full\"><img loading=\"lazy\" decoding=\"async\" width=\"750\" height=\"575\" src=\"https:\/\/gruene-brechen-huenfelden.de\/wp-content\/uploads\/2026\/04\/sitzverteilung_brechen.png\" alt=\"Kommunalwahl 2026, Sitzverteilung Gemeindevertretung Brechen;\" class=\"wp-image-759\" srcset=\"https:\/\/gruene-brechen-huenfelden.de\/wp-content\/uploads\/2026\/04\/sitzverteilung_brechen.png 750w, https:\/\/gruene-brechen-huenfelden.de\/wp-content\/uploads\/2026\/04\/sitzverteilung_brechen-300x230.png 300w\" sizes=\"auto, (max-width: 750px) 100vw, 750px\" \/><figcaption>https:\/\/wahlen.votemanager.de\/<\/figcaption><\/figure>\n\n\n\n<h2 class=\"wp-block-heading\">Neue demokratische Option f\u00fcr Brechen.<br>GR\u00dcNE Liste tritt in Brechen zur Kommunalwahl an.<\/h2>\n\n\n\n<p>Der in 2025 gegr\u00fcndete Ortsverband Brechen-H\u00fcnfelden von B\u00fcndnis90\/Die Gr\u00fcnen hat seine Liste f\u00fcr die Gemeinde Brechen mit <a href=\"https:\/\/gruene-brechen-huenfelden.de\/?page_id=478\" data-type=\"page\" data-id=\"478\">15 Kandidierenden<\/a> aufgestellt.<\/p>\n\n\n\n<p>Die Gr\u00fcnen in Brechen berichten von einer motivierten Aufbruchstimmung bei der Listenaufstellung, die sich in der respektablen Anzahl und den vielf\u00e4ltigen Erfahrungen der gew\u00e4hlten Pers\u00f6nlichkeiten zeigt. Besonders bemerkenswert ist, dass der neunzehnj\u00e4hrige Balduin Eisenbach aus Niederbrechen als Spitzenkandidat die Liste anf\u00fchrt. Er hat mit anderen Gr\u00fcnen die Gr\u00fcndung des Ortsverbandes Brechen-H\u00fcnfelden initiiert und steht seitdem auch dem Ortsverband vor.<\/p>\n\n\n\n<p>Die acht Frauen und sieben M\u00e4nner auf der Liste sehen sich als motiviertes, engagiertes Team f\u00fcr Brechen und wollen bis zur Kommunalwahl intensiv in den Dialog mit den B\u00fcrgerinnen und B\u00fcrgern eintreten, um gemeinsam gr\u00fcne Themen in Brechen voranzubringen.<\/p>\n\n\n\n<p>Die Kandidierenden auf den ersten 5 Pl\u00e4tzen der Liste sind: Balduin Eisenbach, Andreas Friedrich, Julia Friedrich, Olaf Hamann und Serah Funk. Die Aufstellung zeigt, auch junge Menschen engagieren sich vor Ort f\u00fcr Demokratie, Klimaschutz und Bildungsthemen.<\/p>\n\n\n\n<figure class=\"wp-block-image size-large\"><img loading=\"lazy\" decoding=\"async\" width=\"818\" height=\"1024\" src=\"https:\/\/gruene-brechen-huenfelden.de\/wp-content\/uploads\/2025\/11\/Bildschirmfoto-2025-11-20-um-21.27.17-1-818x1024.png\" alt=\"\" class=\"wp-image-328\" srcset=\"https:\/\/gruene-brechen-huenfelden.de\/wp-content\/uploads\/2025\/11\/Bildschirmfoto-2025-11-20-um-21.27.17-1-818x1024.png 818w, https:\/\/gruene-brechen-huenfelden.de\/wp-content\/uploads\/2025\/11\/Bildschirmfoto-2025-11-20-um-21.27.17-1-240x300.png 240w, https:\/\/gruene-brechen-huenfelden.de\/wp-content\/uploads\/2025\/11\/Bildschirmfoto-2025-11-20-um-21.27.17-1-768x962.png 768w, https:\/\/gruene-brechen-huenfelden.de\/wp-content\/uploads\/2025\/11\/Bildschirmfoto-2025-11-20-um-21.27.17-1-1227x1536.png 1227w, https:\/\/gruene-brechen-huenfelden.de\/wp-content\/uploads\/2025\/11\/Bildschirmfoto-2025-11-20-um-21.27.17-1.png 1278w\" sizes=\"auto, (max-width: 818px) 100vw, 818px\" \/><\/figure>\n\n\n\n<p><em>\u201eDie Einnahmesituation von Brechen l\u00e4sst ja allgemein nicht viel Spielraum, deshalb sollte die Gemeinde sich an H\u00fcnfelden ein Beispiel nehmen, und sich durch erneuerbare Energie in B\u00fcrgerhand ebenfalls eine zukunftsweisende, umweltfreundliche Einnahmequelle erschlie\u00dfen.\u201c <\/em>So sieht Olaf Hamann eines der zentralen Themen, denen sich die gr\u00fcne Liste in Brechen annehmen will.<\/p>\n\n\n\n<p>Dar\u00fcber hinaus geht es den Gr\u00fcnen in Brechen um den <strong>Schutz aller Ressourcen<\/strong>, die f\u00fcr ein gutes und gesundes Leben in der Kommune unabdingbar sind. Konkret verdient der <strong>Hochwasserschutz<\/strong> angesichts des eintreffenden Klimawandels mit den gef\u00e4hrdeten Bereichen in Brechen, weitere Aufmerksamkeit.<\/p>\n\n\n\n<h3 class=\"wp-block-heading\">\u201eGEMEINSAM GEHT\u2019S\u201c ist das Wahlmotto der Gr\u00fcnen Partei f\u00fcr die Kommunalwahl 2026 in Hessen. <\/h3>\n\n\n\n<p>Im November 2025 erarbeiteten die Kandidatinnen und Kandidaten der beiden Gr\u00fcnen Listen aus den Gemeinden <a href=\"https:\/\/gruene-brechen-huenfelden.de\/?page_id=444\" data-type=\"page\" data-id=\"444\">Brechen<\/a> und <a href=\"https:\/\/gruene-brechen-huenfelden.de\/?page_id=424\" data-type=\"page\" data-id=\"424\">H\u00fcnfelden<\/a> auf einer Klausurtagung ihre Wahlprogramme.<\/p>\n\n\n\n<div class=\"wp-block-buttons is-layout-flex wp-block-buttons-is-layout-flex\">\n<div class=\"wp-block-button\"><a class=\"wp-block-button__link wp-element-button\" href=\"https:\/\/gruene-brechen-huenfelden.de\/?page_id=444\">Zum Wahlprogramm f\u00fcr Brechen<\/a><\/div>\n\n\n\n<div class=\"wp-block-button\"><a class=\"wp-block-button__link wp-element-button\" href=\"https:\/\/gruene-brechen-huenfelden.de\/?page_id=478\">Die Kandidierenden f\u00fcr Brechen<\/a><\/div>\n<\/div>\n\n\n\n<p><\/p>\n","protected":false},"excerpt":{"rendered":"<p>Gr\u00fcnes Ergebnis f\u00fcr Brechen Das Ergebnis der Kommunalwahl in Hessen hat uns in Brechen auf Anhieb den Einzug in die Gemeindevertretung mit vier Mandaten erm\u00f6glicht. Unser Ergebnis konnten wir im [&hellip;]<\/p>\n","protected":false},"author":6,"featured_media":0,"parent":78,"menu_order":0,"comment_status":"closed","ping_status":"closed","template":"","meta":{"footnotes":""},"class_list":["post-367","page","type-page","status-publish","hentry"],"_links":{"self":[{"href":"https:\/\/gruene-brechen-huenfelden.de\/index.php?rest_route=\/wp\/v2\/pages\/367","targetHints":{"allow":["GET"]}}],"collection":[{"href":"https:\/\/gruene-brechen-huenfelden.de\/index.php?rest_route=\/wp\/v2\/pages"}],"about":[{"href":"https:\/\/gruene-brechen-huenfelden.de\/index.php?rest_route=\/wp\/v2\/types\/page"}],"author":[{"embeddable":true,"href":"https:\/\/gruene-brechen-huenfelden.de\/index.php?rest_route=\/wp\/v2\/users\/6"}],"replies":[{"embeddable":true,"href":"https:\/\/gruene-brechen-huenfelden.de\/index.php?rest_route=%2Fwp%2Fv2%2Fcomments&post=367"}],"version-history":[{"count":9,"href":"https:\/\/gruene-brechen-huenfelden.de\/index.php?rest_route=\/wp\/v2\/pages\/367\/revisions"}],"predecessor-version":[{"id":765,"href":"https:\/\/gruene-brechen-huenfelden.de\/index.php?rest_route=\/wp\/v2\/pages\/367\/revisions\/765"}],"up":[{"embeddable":true,"href":"https:\/\/gruene-brechen-huenfelden.de\/index.php?rest_route=\/wp\/v2\/pages\/78"}],"wp:attachment":[{"href":"https:\/\/gruene-brechen-huenfelden.de\/index.php?rest_route=%2Fwp%2Fv2%2Fmedia&parent=367"}],"curies":[{"name":"wp","href":"https:\/\/api.w.org\/{rel}","templated":true}]}}