{"id":369,"date":"2025-12-11T18:32:33","date_gmt":"2025-12-11T18:32:33","guid":{"rendered":"https:\/\/gruene-brechen-huenfelden.de\/?page_id=369"},"modified":"2026-04-06T18:50:21","modified_gmt":"2026-04-06T18:50:21","slug":"huenfelden","status":"publish","type":"page","link":"https:\/\/gruene-brechen-huenfelden.de\/?page_id=369","title":{"rendered":"H\u00fcnfelden"},"content":{"rendered":"\n<h2 class=\"wp-block-heading\"><strong>Gr\u00fcnes Wahlergebnis f\u00fcr H\u00fcnfelden<\/strong><\/h2>\n\n\n\n<p>In H\u00fcnfelden sind wir mit unserer gr\u00fcnen Liste drittst\u00e4rkste Partei in der neuen Gemeindevertretung geworden. Mit vier von 31 Sitzen sind wir neu dabei. Unser Ergebnis von der Bundestagswahl 2025 konnten wir auch ebenso wie in Brechen leicht verbessern. In H\u00fcnfelden hat die gr\u00fcne Fraktion 75% Frauenanteil &#8211; Fraktionsvorsitz und Stellvertretung selbstverst\u00e4ndlich in Frauenhand. Das setzt Ma\u00dfst\u00e4be f\u00fcr die gleichberechtigte Vertretung von Frauen in der Kommunalpolitik.<\/p>\n\n\n\n<p>Die gr\u00fcne Fraktion besteht aus: Anke Huesmann, Susanne Knapp, Gabriele Richter-Wolter und J\u00fcrgen Huesmann. Zur Vorsitzenden wurde Anke Huesmann gew\u00e4hlt, zur Stellvertreterin Susanne Knapp.<\/p>\n\n\n\n<figure class=\"wp-block-image size-large\"><img loading=\"lazy\" decoding=\"async\" width=\"768\" height=\"1024\" src=\"https:\/\/gruene-brechen-huenfelden.de\/wp-content\/uploads\/2026\/04\/fraktion_klein-768x1024.jpg\" alt=\"Fraktion B\u00fcndnis90\/GR\u00dcNE H\u00fcnfelden\nvon links nach rechts:\nSusanne Knapp, J\u00fcrgen Huesmann, Gabriele Richter-Wolter, Anke Huesmann\" class=\"wp-image-767\" srcset=\"https:\/\/gruene-brechen-huenfelden.de\/wp-content\/uploads\/2026\/04\/fraktion_klein-768x1024.jpg 768w, https:\/\/gruene-brechen-huenfelden.de\/wp-content\/uploads\/2026\/04\/fraktion_klein-225x300.jpg 225w, https:\/\/gruene-brechen-huenfelden.de\/wp-content\/uploads\/2026\/04\/fraktion_klein-1152x1536.jpg 1152w, https:\/\/gruene-brechen-huenfelden.de\/wp-content\/uploads\/2026\/04\/fraktion_klein.jpg 1240w\" sizes=\"auto, (max-width: 768px) 100vw, 768px\" \/><\/figure>\n\n\n\n<p>Fraktion B\u00fcndnis90\/GR\u00dcNE H\u00fcnfelden<br>von links nach rechts:<br>Susanne Knapp, J\u00fcrgen Huesmann, Gabriele Richter-Wolter, Anke Huesmann<\/p>\n\n\n\n<p>Alles weitere zu unserer Fraktion und zur gr\u00fcnen Kommunalpolitik in H\u00fcnfelden demn\u00e4chst hier auf der Webseite!<\/p>\n\n\n\n<h2 class=\"wp-block-heading\"><strong>Gr\u00fcnes Team will erneuerbare Energien weiter st\u00e4rken und Naturschutz ausbauen.<\/strong><\/h2>\n\n\n\n<h3 class=\"wp-block-heading\"><strong>Auch in H\u00fcnfelden kann man bei der Kommunalwahl gr\u00fcn w\u00e4hlen.<\/strong><\/h3>\n\n\n\n<p>Am 25.11.2025 hat der Ortsverband Brechen\/H\u00fcnfelden von B\u00fcndnis90\/Die Gr\u00fcnen auch f\u00fcr die Gemeinde H\u00fcnfelden eine <a href=\"https:\/\/gruene-brechen-huenfelden.de\/?page_id=407\" data-type=\"page\" data-id=\"407\">Liste f\u00fcr die Kommunalwahl 2026 <\/a>aufgestellt.<\/p>\n\n\n\n<p>Der Ortsverband, der die beiden Gemeinden Brechen und H\u00fcnfelden umfasst, wurde erst im Januar 2025 gegr\u00fcndet. Mit der Eintrittswelle nach dem Aus der Ampelregierung haben die neuen Mitglieder der GR\u00dcNEN den Schwung genutzt und einen Ortsverein f\u00fcr beide Gemeinden ins Leben gerufen. Mit diesem Schwung hat auch die Vorbereitung f\u00fcr die Kommunalwahl begonnen.<\/p>\n\n\n\n<h3 class=\"wp-block-heading\">Frauenpower: Zur Kommunalwahl treten sieben Frauen in H\u00fcnfelden an<\/h3>\n\n\n\n<p>Auf der Liste f\u00fcr H\u00fcnfelden werden sieben Frauen und vier M\u00e4nner kandidieren. <em>\u201eWir sehen unsere GR\u00dcNE Liste in H\u00fcnfelden als starkes Signal, dass Frauen sich in der Politik ma\u00dfgeblich einbringen wollen und k\u00f6nnen,\u201c<\/em> sagt Balduin Eisenbach, Ortsverbandsvorsitzender aus Brechen. Die Kandidatinnen und Kandidaten bringen vielf\u00e4ltige Erfahrungen und Perspektiven mit und wollen sich nun auch konstruktiv in die Politik der Gemeinde H\u00fcnfelden einmischen.<\/p>\n\n\n\n<p>Auf den ersten f\u00fcnf Pl\u00e4tzen der Liste kandidieren Anke Huesmann (Dauborn), J\u00fcrgen Huesmann (Dauborn), Gabriele Richter-Wolter (Kirberg), Dirk Masera (Kirberg) und Anita Rybczynski (Ohren).<\/p>\n\n\n\n<figure class=\"wp-block-image size-large\"><img loading=\"lazy\" decoding=\"async\" width=\"818\" height=\"1024\" src=\"https:\/\/gruene-brechen-huenfelden.de\/wp-content\/uploads\/2025\/11\/Bildschirmfoto-2025-11-27-um-22.31.25-1-818x1024.png\" alt=\"\" class=\"wp-image-350\" srcset=\"https:\/\/gruene-brechen-huenfelden.de\/wp-content\/uploads\/2025\/11\/Bildschirmfoto-2025-11-27-um-22.31.25-1-818x1024.png 818w, https:\/\/gruene-brechen-huenfelden.de\/wp-content\/uploads\/2025\/11\/Bildschirmfoto-2025-11-27-um-22.31.25-1-240x300.png 240w, https:\/\/gruene-brechen-huenfelden.de\/wp-content\/uploads\/2025\/11\/Bildschirmfoto-2025-11-27-um-22.31.25-1-768x962.png 768w, https:\/\/gruene-brechen-huenfelden.de\/wp-content\/uploads\/2025\/11\/Bildschirmfoto-2025-11-27-um-22.31.25-1-1227x1536.png 1227w, https:\/\/gruene-brechen-huenfelden.de\/wp-content\/uploads\/2025\/11\/Bildschirmfoto-2025-11-27-um-22.31.25-1.png 1278w\" sizes=\"auto, (max-width: 818px) 100vw, 818px\" \/><\/figure>\n\n\n\n<div style=\"height:50px\" aria-hidden=\"true\" class=\"wp-block-spacer\"><\/div>\n\n\n\n<h3 class=\"wp-block-heading\">Gro\u00dfspeicher f\u00fcr die Windkraftanlagen<\/h3>\n\n\n\n<p><em>\u201eIn H\u00fcnfelden wurde ja Einiges durchaus vorbildlich gestaltet. Insbesondere das Thema erneuerbare Energien hat hier einen Stellenwert, den sich viele im Landkreis auch in ihrer Kommune w\u00fcnschen. Unser Ziel ist es, diese vorbildhafte Position weiter zu st\u00e4rken und auszubauen, z.B. mit einem Gro\u00dfspeicher f\u00fcr die neu projektierten Windkraftanlagen.\u201c <\/em>So beschreibt J\u00fcrgen Huesmann ein zentrales Anliegen der gr\u00fcnen Politik f\u00fcr H\u00fcnfelden.<\/p>\n\n\n\n<h3 class=\"wp-block-heading\">Weitere Schwerpunkte<\/h3>\n\n\n\n<p>Die Gr\u00fcnen in H\u00fcnfelden sehen <strong>Bildung und Kinderbetreuung<\/strong> als Kernaufgaben einer zukunftsorientierten Politik und wollen in der Gemeinde dazu ihren Beitrag leisten. Die <strong>Entwicklung der Gewerbegebiete<\/strong> und ein attraktives Angebot f\u00fcr den <strong>\u00d6PNV<\/strong>, insbesondere f\u00fcr Pendler, die die Zugstrecken des Regional- und Fernverkehrs nutzen, sind ebenfalls Themen, denen sich die GR\u00dcNEN in H\u00fcnfelden annehmen wollen. Vor allem bei <strong>Naturschutz, Biodiversit\u00e4t und Klimaschutz<\/strong> gibt es aus gr\u00fcner Perspektive in der Gemeinde auch einiges zu verbessern.<\/p>\n\n\n\n<p>Im November 2025 stellten die Gr\u00fcnen dazu ihr <a href=\"https:\/\/gruene-brechen-huenfelden.de\/?page_id=424\" data-type=\"page\" data-id=\"424\"><strong>Wahlprogramm f\u00fcr H\u00fcnfelden<\/strong> <\/a>zusammen. Das gr\u00fcne Team will sich gem\u00e4\u00df dem Motto der Wahlkampagne <strong>\u201eGemeinsam geht&#8217;s&#8220; <\/strong>in allen Ortsteilen aktiv einbringen und f\u00fcr alle B\u00fcrger von H\u00fcnfelden ansprechbar sein.<\/p>\n\n\n\n<figure class=\"wp-block-image size-large\"><img loading=\"lazy\" decoding=\"async\" width=\"818\" height=\"1024\" src=\"https:\/\/gruene-brechen-huenfelden.de\/wp-content\/uploads\/2025\/11\/Bildschirmfoto-2025-11-27-um-22.31.32-1-818x1024.png\" alt=\"Kampagnen Bild &quot;Gemeinsam geht's&quot; aus H\u00fcnfelden\" class=\"wp-image-349\" srcset=\"https:\/\/gruene-brechen-huenfelden.de\/wp-content\/uploads\/2025\/11\/Bildschirmfoto-2025-11-27-um-22.31.32-1-818x1024.png 818w, https:\/\/gruene-brechen-huenfelden.de\/wp-content\/uploads\/2025\/11\/Bildschirmfoto-2025-11-27-um-22.31.32-1-240x300.png 240w, https:\/\/gruene-brechen-huenfelden.de\/wp-content\/uploads\/2025\/11\/Bildschirmfoto-2025-11-27-um-22.31.32-1-768x962.png 768w, https:\/\/gruene-brechen-huenfelden.de\/wp-content\/uploads\/2025\/11\/Bildschirmfoto-2025-11-27-um-22.31.32-1-1227x1536.png 1227w, https:\/\/gruene-brechen-huenfelden.de\/wp-content\/uploads\/2025\/11\/Bildschirmfoto-2025-11-27-um-22.31.32-1.png 1278w\" sizes=\"auto, (max-width: 818px) 100vw, 818px\" \/><\/figure>\n\n\n\n<div style=\"height:50px\" aria-hidden=\"true\" class=\"wp-block-spacer\"><\/div>\n\n\n\n<div class=\"wp-block-buttons is-layout-flex wp-block-buttons-is-layout-flex\">\n<div class=\"wp-block-button\"><a class=\"wp-block-button__link wp-element-button\" href=\"https:\/\/gruene-brechen-huenfelden.de\/?page_id=424\">Zum Wahlprogramm f\u00fcr H\u00fcnfelden<\/a><\/div>\n\n\n\n<div class=\"wp-block-button\"><a class=\"wp-block-button__link wp-element-button\" href=\"https:\/\/gruene-brechen-huenfelden.de\/?page_id=407\">Die Kandidierenden f\u00fcr H\u00fcnfelden<\/a><\/div>\n<\/div>\n\n\n\n<p><\/p>\n","protected":false},"excerpt":{"rendered":"<p>Gr\u00fcnes Wahlergebnis f\u00fcr H\u00fcnfelden In H\u00fcnfelden sind wir mit unserer gr\u00fcnen Liste drittst\u00e4rkste Partei in der neuen Gemeindevertretung geworden. Mit vier von 31 Sitzen sind wir neu dabei. Unser Ergebnis [&hellip;]<\/p>\n","protected":false},"author":6,"featured_media":0,"parent":78,"menu_order":0,"comment_status":"closed","ping_status":"closed","template":"","meta":{"footnotes":""},"class_list":["post-369","page","type-page","status-publish","hentry"],"_links":{"self":[{"href":"https:\/\/gruene-brechen-huenfelden.de\/index.php?rest_route=\/wp\/v2\/pages\/369","targetHints":{"allow":["GET"]}}],"collection":[{"href":"https:\/\/gruene-brechen-huenfelden.de\/index.php?rest_route=\/wp\/v2\/pages"}],"about":[{"href":"https:\/\/gruene-brechen-huenfelden.de\/index.php?rest_route=\/wp\/v2\/types\/page"}],"author":[{"embeddable":true,"href":"https:\/\/gruene-brechen-huenfelden.de\/index.php?rest_route=\/wp\/v2\/users\/6"}],"replies":[{"embeddable":true,"href":"https:\/\/gruene-brechen-huenfelden.de\/index.php?rest_route=%2Fwp%2Fv2%2Fcomments&post=369"}],"version-history":[{"count":20,"href":"https:\/\/gruene-brechen-huenfelden.de\/index.php?rest_route=\/wp\/v2\/pages\/369\/revisions"}],"predecessor-version":[{"id":771,"href":"https:\/\/gruene-brechen-huenfelden.de\/index.php?rest_route=\/wp\/v2\/pages\/369\/revisions\/771"}],"up":[{"embeddable":true,"href":"https:\/\/gruene-brechen-huenfelden.de\/index.php?rest_route=\/wp\/v2\/pages\/78"}],"wp:attachment":[{"href":"https:\/\/gruene-brechen-huenfelden.de\/index.php?rest_route=%2Fwp%2Fv2%2Fmedia&parent=369"}],"curies":[{"name":"wp","href":"https:\/\/api.w.org\/{rel}","templated":true}]}}