{"id":424,"date":"2026-01-31T17:21:04","date_gmt":"2026-01-31T17:21:04","guid":{"rendered":"https:\/\/gruene-brechen-huenfelden.de\/?page_id=424"},"modified":"2026-05-07T19:18:58","modified_gmt":"2026-05-07T19:18:58","slug":"huenfelden-gemeinsam-gestalten","status":"publish","type":"page","link":"https:\/\/gruene-brechen-huenfelden.de\/?page_id=424","title":{"rendered":"H\u00fcnfelden gemeinsam gestalten"},"content":{"rendered":"\n<h2 class=\"wp-block-heading\">Nachhaltig. Modern. Lebenswert.<\/h2>\n\n\n\n<p>Unsere Themenschwerpunkte zur Kommunalwahl 2026 in H\u00fcnfelden<\/p>\n\n\n\n<h2 class=\"wp-block-heading\"><strong>UMWELT &amp; ENERGIE<\/strong><\/h2>\n\n\n\n<h3 class=\"wp-block-heading\">Unsere Schwerpunkte:<\/h3>\n\n\n\n<ul class=\"wp-block-list\">\n<li><strong>Photovoltaik<\/strong><br>mehr Solarenergie: Nachhaltig investieren \u2013 Kosten senken<\/li>\n\n\n\n<li><strong>Erhalt und Nachpflanzung heimischer B\u00e4ume&nbsp;&nbsp;&nbsp;&nbsp;&nbsp;&nbsp;&nbsp;&nbsp;&nbsp;&nbsp;<\/strong><br>\u00f6kologische Ausgleichsfl\u00e4chen verbessern<\/li>\n\n\n\n<li><strong>Mehr Biodiversit\u00e4t erm\u00f6glichen <\/strong><br>Lebensr\u00e4ume sch\u00fctzen, Insektenfreundlichkeit erh\u00f6hen<\/li>\n<\/ul>\n\n\n\n<h3 class=\"wp-block-heading\">Wir unterst\u00fctzen:<\/h3>\n\n\n\n<ul class=\"wp-block-list\">\n<li><strong>B\u00fcrgerstromtarif<\/strong><br>g\u00fcnstige, umweltfreundliche Energie f\u00fcr Haushalte und Gewerbe direkt aus unserer Region<\/li>\n\n\n\n<li><strong>Energiespeicher-Konzept mit B\u00fcrgerbeteiligung<br><\/strong>f\u00fcr eine sichere, regionale und bezahlbare Energieversorgung<\/li>\n<\/ul>\n\n\n\n<figure class=\"wp-block-image size-large\"><img loading=\"lazy\" decoding=\"async\" width=\"1024\" height=\"570\" src=\"https:\/\/gruene-brechen-huenfelden.de\/wp-content\/uploads\/2026\/01\/huenfelden_blickueberdiefelder-1024x570.jpg\" alt=\"Blick \u00fcber den Goldenen Grund und seine Fehler unter leicht bew\u00f6lktem Himmel.\" class=\"wp-image-440\" srcset=\"https:\/\/gruene-brechen-huenfelden.de\/wp-content\/uploads\/2026\/01\/huenfelden_blickueberdiefelder-1024x570.jpg 1024w, https:\/\/gruene-brechen-huenfelden.de\/wp-content\/uploads\/2026\/01\/huenfelden_blickueberdiefelder-300x167.jpg 300w, https:\/\/gruene-brechen-huenfelden.de\/wp-content\/uploads\/2026\/01\/huenfelden_blickueberdiefelder-768x427.jpg 768w, https:\/\/gruene-brechen-huenfelden.de\/wp-content\/uploads\/2026\/01\/huenfelden_blickueberdiefelder-1536x855.jpg 1536w, https:\/\/gruene-brechen-huenfelden.de\/wp-content\/uploads\/2026\/01\/huenfelden_blickueberdiefelder.jpg 1774w\" sizes=\"auto, (max-width: 1024px) 100vw, 1024px\" \/><figcaption>Foto: Wolfgang Rathgeber<\/figcaption><\/figure>\n\n\n\n<h2 class=\"wp-block-heading\">LEBENSWERTES H\u00dcNFELDEN<\/h2>\n\n\n\n<h3 class=\"wp-block-heading\">Unsere Schwerpunkte:<\/h3>\n\n\n\n<ul class=\"wp-block-list\">\n<li><strong>Dorfgemeinschaft st\u00e4rken<\/strong><\/li>\n\n\n\n<li><strong>Einkaufsm\u00f6glichkeit f\u00fcr Seniorinnen und Senioren sichern<\/strong><\/li>\n\n\n\n<li><strong>sichere Wege in der Gemeinde<\/strong> f\u00fcr Kinder, Fu\u00dfg\u00e4nger und Radfahrende<\/li>\n<\/ul>\n\n\n\n<h3 class=\"wp-block-heading\">Wir unterst\u00fctzen:<\/h3>\n\n\n\n<ul class=\"wp-block-list\">\n<li><strong>Nachbarschaftshilfe f\u00f6rdern <\/strong>Miteinander statt Nebeneinander<\/li>\n\n\n\n<li><strong>B\u00fcrgerbeteiligung st\u00e4rken <\/strong>regelm\u00e4\u00dfige Dialogformate \u2013 digitale und analoge Beteiligung<\/li>\n\n\n\n<li><strong>klare Kommunikation und moderne \u00d6ffentlichkeitsarbeit<\/strong><\/li>\n<\/ul>\n\n\n\n<h2 class=\"wp-block-heading\">Wir stehen f\u00fcr\u2026<\/h2>\n\n\n\n<ul class=\"wp-block-list\">\n<li><strong>konsequenten Klimaschutz <\/strong>durch erneuerbare Energien, Energiespeicher mit B\u00fcrgerbeteiligung<\/li>\n\n\n\n<li><strong>bezahlbare, regionale Energie <\/strong>durch B\u00fcrgerstrom und Photovoltaik-Ausbau<\/li>\n\n\n\n<li><strong>bessereMobilit\u00e4t f\u00fcr alle <\/strong>\u2013 sicherer Radverkehr, starker \u00d6PNV und flexible Angebote<\/li>\n\n\n\n<li><strong>mehr Lebensqualit\u00e4t <\/strong>durch Nahversorgung, sichere Wege und starke Dorfgemeinschaften<\/li>\n\n\n\n<li><strong>aktiven Natur- und Artenschutz<\/strong> zum Erhalt unserer Umwelt<\/li>\n\n\n\n<li><strong>transparente Politik, <\/strong>klare Kommunikation und moderne B\u00fcrgerbeteiligung<\/li>\n<\/ul>\n\n\n\n<div class=\"wp-block-columns is-layout-flex wp-container-core-columns-is-layout-9d6595d7 wp-block-columns-is-layout-flex\">\n<div class=\"wp-block-column is-layout-flow wp-block-column-is-layout-flow\">\n<h2 class=\"wp-block-heading\">Mit dir f\u00fcr unsere Gemeinde \u2013 GEMEINSAM GEHT\u2019S.<\/h2>\n\n\n\n<p>Unsere Liste hat mit 64% den h\u00f6chsten <strong>Frauenanteil<\/strong> bei der Kommunalwahl 2026 in der Gemeinde H\u00fcnfelden im Vergleich zu den anderen f\u00fcnf Listen.<\/p>\n\n\n\n<p>B\u00dcNDNIS 90\/DIE GR\u00dcNEN BRECHEN-H\u00dcNFELDEN f\u00fcr Nachhaltigkeit, Transparenz &amp; eine lebenswerte Zukunft<\/p>\n<\/div>\n\n\n\n<div class=\"wp-block-column is-layout-flow wp-block-column-is-layout-flow\">\n<figure class=\"wp-block-image size-full\"><a href=\"https:\/\/gruene-brechen-huenfelden.de\/?attachment_id=728\"><img loading=\"lazy\" decoding=\"async\" width=\"1000\" height=\"1000\" src=\"https:\/\/gruene-brechen-huenfelden.de\/wp-content\/uploads\/2026\/02\/Gruene_HUENFELDEN_Frauenanteil-Liste2026.png\" alt=\"Unsere Liste hat mit 64% den h\u00f6chsten Frauenanteil bei der Kommunalwahl 2026 in der Gemeinde H\u00fcnfelden im Vergleich zu den anderen Listen.\" class=\"wp-image-728\" srcset=\"https:\/\/gruene-brechen-huenfelden.de\/wp-content\/uploads\/2026\/02\/Gruene_HUENFELDEN_Frauenanteil-Liste2026.png 1000w, https:\/\/gruene-brechen-huenfelden.de\/wp-content\/uploads\/2026\/02\/Gruene_HUENFELDEN_Frauenanteil-Liste2026-300x300.png 300w, https:\/\/gruene-brechen-huenfelden.de\/wp-content\/uploads\/2026\/02\/Gruene_HUENFELDEN_Frauenanteil-Liste2026-150x150.png 150w, https:\/\/gruene-brechen-huenfelden.de\/wp-content\/uploads\/2026\/02\/Gruene_HUENFELDEN_Frauenanteil-Liste2026-768x768.png 768w\" sizes=\"auto, (max-width: 1000px) 100vw, 1000px\" \/><\/a><\/figure>\n<\/div>\n<\/div>\n\n\n\n<p><\/p>\n","protected":false},"excerpt":{"rendered":"<p>Nachhaltig. Modern. Lebenswert. Unsere Themenschwerpunkte zur Kommunalwahl 2026 in H\u00fcnfelden UMWELT &amp; ENERGIE Unsere Schwerpunkte: Wir unterst\u00fctzen: LEBENSWERTES H\u00dcNFELDEN Unsere Schwerpunkte: Wir unterst\u00fctzen: Wir stehen f\u00fcr\u2026 Mit dir f\u00fcr unsere [&hellip;]<\/p>\n","protected":false},"author":9,"featured_media":438,"parent":369,"menu_order":0,"comment_status":"closed","ping_status":"closed","template":"","meta":{"footnotes":""},"class_list":["post-424","page","type-page","status-publish","has-post-thumbnail","hentry"],"_links":{"self":[{"href":"https:\/\/gruene-brechen-huenfelden.de\/index.php?rest_route=\/wp\/v2\/pages\/424","targetHints":{"allow":["GET"]}}],"collection":[{"href":"https:\/\/gruene-brechen-huenfelden.de\/index.php?rest_route=\/wp\/v2\/pages"}],"about":[{"href":"https:\/\/gruene-brechen-huenfelden.de\/index.php?rest_route=\/wp\/v2\/types\/page"}],"author":[{"embeddable":true,"href":"https:\/\/gruene-brechen-huenfelden.de\/index.php?rest_route=\/wp\/v2\/users\/9"}],"replies":[{"embeddable":true,"href":"https:\/\/gruene-brechen-huenfelden.de\/index.php?rest_route=%2Fwp%2Fv2%2Fcomments&post=424"}],"version-history":[{"count":13,"href":"https:\/\/gruene-brechen-huenfelden.de\/index.php?rest_route=\/wp\/v2\/pages\/424\/revisions"}],"predecessor-version":[{"id":781,"href":"https:\/\/gruene-brechen-huenfelden.de\/index.php?rest_route=\/wp\/v2\/pages\/424\/revisions\/781"}],"up":[{"embeddable":true,"href":"https:\/\/gruene-brechen-huenfelden.de\/index.php?rest_route=\/wp\/v2\/pages\/369"}],"wp:featuredmedia":[{"embeddable":true,"href":"https:\/\/gruene-brechen-huenfelden.de\/index.php?rest_route=\/wp\/v2\/media\/438"}],"wp:attachment":[{"href":"https:\/\/gruene-brechen-huenfelden.de\/index.php?rest_route=%2Fwp%2Fv2%2Fmedia&parent=424"}],"curies":[{"name":"wp","href":"https:\/\/api.w.org\/{rel}","templated":true}]}}