{"id":444,"date":"2026-01-31T19:16:24","date_gmt":"2026-01-31T19:16:24","guid":{"rendered":"https:\/\/gruene-brechen-huenfelden.de\/?page_id=444"},"modified":"2026-05-07T19:14:37","modified_gmt":"2026-05-07T19:14:37","slug":"brechen-gemeinsam-gestalten","status":"publish","type":"page","link":"https:\/\/gruene-brechen-huenfelden.de\/?page_id=444","title":{"rendered":"Brechen gemeinsam gestalten"},"content":{"rendered":"\n<h2 class=\"wp-block-heading\">Nachhaltig. Modern. Lebenswert.<\/h2>\n\n\n\n<p>Unsere Themenschwerpunkte zur Kommunalwahl 2026 in Brechen<\/p>\n\n\n\n<div class=\"wp-block-group is-layout-constrained wp-block-group-is-layout-constrained\">\n<h2 class=\"wp-block-heading\">UMWELT &amp; ENERGIE<\/h2>\n\n\n\n<h3 class=\"wp-block-heading\">Unsere Schwerpunkte:<\/h3>\n\n\n\n<ul class=\"wp-block-list\">\n<li><strong>Erneuerbare Energien&nbsp;<\/strong>mit B\u00fcrgerbeteiligung<\/li>\n\n\n\n<li><strong>Hochwasserschutz<\/strong> nachhaltig ausbauen &nbsp;<\/li>\n\n\n\n<li><strong>Biodiversit\u00e4t st\u00e4rken und Kooperationen mit der Landwirtschaft&nbsp;<\/strong>zur St\u00e4rkung des Artenschutzes<\/li>\n\n\n\n<li><strong>Biotopverbundplanung <\/strong>zur Vernetzung von Lebensr\u00e4umen<\/li>\n\n\n\n<li><strong>Begleitung der B\u00fcrger zur Umsetzung der Kommunalen W\u00e4rmeplanung<\/strong><\/li>\n<\/ul>\n\n\n\n<h3 class=\"wp-block-heading\"><strong>Wir unterst\u00fctzen:<\/strong><\/h3>\n\n\n\n<ul class=\"wp-block-list\">\n<li>Dem Titel <strong>Klimakommune<\/strong>&nbsp;gerecht werden<\/li>\n\n\n\n<li><strong>Pr\u00fcfung aller Vorrangfl\u00e4chen<\/strong> f\u00fcr Wind- &amp; Solarenergie<\/li>\n\n\n\n<li><strong>Nachhaltige Energiespeicher<\/strong><\/li>\n<\/ul>\n<\/div>\n\n\n\n<figure class=\"wp-block-image size-large\"><img loading=\"lazy\" decoding=\"async\" width=\"1024\" height=\"683\" src=\"https:\/\/gruene-brechen-huenfelden.de\/wp-content\/uploads\/2026\/01\/Brechen_Ortskern-mit-KathKirche-1024x683.jpg\" alt=\"Blick \u00fcber den Ortskern von Oberbrechen mit der Katholischen Kirche\" class=\"wp-image-447\" srcset=\"https:\/\/gruene-brechen-huenfelden.de\/wp-content\/uploads\/2026\/01\/Brechen_Ortskern-mit-KathKirche-1024x683.jpg 1024w, https:\/\/gruene-brechen-huenfelden.de\/wp-content\/uploads\/2026\/01\/Brechen_Ortskern-mit-KathKirche-300x200.jpg 300w, https:\/\/gruene-brechen-huenfelden.de\/wp-content\/uploads\/2026\/01\/Brechen_Ortskern-mit-KathKirche-768x512.jpg 768w, https:\/\/gruene-brechen-huenfelden.de\/wp-content\/uploads\/2026\/01\/Brechen_Ortskern-mit-KathKirche-1536x1025.jpg 1536w, https:\/\/gruene-brechen-huenfelden.de\/wp-content\/uploads\/2026\/01\/Brechen_Ortskern-mit-KathKirche.jpg 1598w\" sizes=\"auto, (max-width: 1024px) 100vw, 1024px\" \/><figcaption>Foto: Hans J\u00fcrgen Schermuly<\/figcaption><\/figure>\n\n\n\n<div class=\"wp-block-group is-layout-constrained wp-block-group-is-layout-constrained\">\n<h2 class=\"wp-block-heading\">MOBILIT\u00c4T F\u00dcR ALLE<\/h2>\n\n\n\n<h3 class=\"wp-block-heading\">Unsere Schwerpunkte:<\/h3>\n\n\n\n<ul class=\"wp-block-list\">\n<li><strong>Carsharing<\/strong> Relevanz und Bedarf pr\u00fcfen<\/li>\n\n\n\n<li><strong>Interkommunales Mobilit\u00e4tskonzept:<\/strong> Rufbusmodell (LahnStar) und B\u00fcrgertaxi<\/li>\n<\/ul>\n\n\n\n<h3 class=\"wp-block-heading\">Wir unterst\u00fctzen:<\/h3>\n\n\n\n<ul class=\"wp-block-list\">\n<li><strong>L\u00fccken der Radwege schlie\u00dfen<\/strong><\/li>\n\n\n\n<li><strong>Bau von Radwegen&nbsp;<\/strong>nach Runkel, Villmar und Weyer<\/li>\n\n\n\n<li><strong>\u00d6PNV-Angebote ausbauen<\/strong><\/li>\n<\/ul>\n<\/div>\n\n\n\n<h2 class=\"wp-block-heading\">LEBENSWERTES BRECHEN<\/h2>\n\n\n\n<h3 class=\"wp-block-heading\">Unsere Schwerpunkte:<\/h3>\n\n\n\n<ul class=\"wp-block-list\">\n<li><strong>Allt\u00e4gliche Barrierefreiheit <\/strong>erm\u00f6glichen<\/li>\n\n\n\n<li><strong>Jugendr\u00e4ume <\/strong>attraktiver machen<\/li>\n\n\n\n<li><strong>Nahversorgung in <\/strong><strong>Werschau <\/strong><strong>f\u00f6rdern<\/strong><\/li>\n<\/ul>\n\n\n\n<h3 class=\"wp-block-heading\">Wir unterst\u00fctzen:<\/h3>\n\n\n\n<ul class=\"wp-block-list\">\n<li><strong>bezahlbaren Wohnraum <\/strong>schaffen<\/li>\n\n\n\n<li><strong>Modernisierung und Erweiterung der Kinderbetreuungseinrichtungen<\/strong><\/li>\n<\/ul>\n\n\n\n<figure class=\"wp-block-image size-large\"><img loading=\"lazy\" decoding=\"async\" width=\"1024\" height=\"682\" src=\"https:\/\/gruene-brechen-huenfelden.de\/wp-content\/uploads\/2026\/01\/Brechen_KathKirche-Werschau-1024x682.jpg\" alt=\"Die Katholische Kirche im Ortskern von Werschau.\" class=\"wp-image-448\" srcset=\"https:\/\/gruene-brechen-huenfelden.de\/wp-content\/uploads\/2026\/01\/Brechen_KathKirche-Werschau-1024x682.jpg 1024w, https:\/\/gruene-brechen-huenfelden.de\/wp-content\/uploads\/2026\/01\/Brechen_KathKirche-Werschau-300x200.jpg 300w, https:\/\/gruene-brechen-huenfelden.de\/wp-content\/uploads\/2026\/01\/Brechen_KathKirche-Werschau-768x512.jpg 768w, https:\/\/gruene-brechen-huenfelden.de\/wp-content\/uploads\/2026\/01\/Brechen_KathKirche-Werschau-1536x1023.jpg 1536w, https:\/\/gruene-brechen-huenfelden.de\/wp-content\/uploads\/2026\/01\/Brechen_KathKirche-Werschau-2048x1364.jpg 2048w\" sizes=\"auto, (max-width: 1024px) 100vw, 1024px\" \/><figcaption>Foto: Hans J\u00fcrgen Schermuly<\/figcaption><\/figure>\n\n\n\n<h2 class=\"wp-block-heading\">Wir stehen f\u00fcr\u2026<\/h2>\n\n\n\n<ul class=\"wp-block-list\">\n<li><strong>den Ausbau erneuerbarer Energien <\/strong>inklusive der Speicherung und B\u00fcrgerbeteiligung<\/li>\n\n\n\n<li><strong>die konsequente Umsetzung<\/strong> angesto\u00dfener Projekte<\/li>\n\n\n\n<li><strong>Transparenz <\/strong>der politischen Gremien<\/li>\n\n\n\n<li><strong>Verbesserung der Mobilit\u00e4t, <\/strong>auch ohne eigenen PKW<\/li>\n\n\n\n<li>vorbeugenden<strong> Unwetterschutz<\/strong><\/li>\n\n\n\n<li><strong>Kommunikation <\/strong>mit den B\u00fcrgerinnen und B\u00fcrgern der Gemeinde<\/li>\n<\/ul>\n\n\n\n<h2 class=\"wp-block-heading\">Mit dir f\u00fcr unsere Gemeinde \u2013 GEMEINSAM GEHT\u2019S.<\/h2>\n\n\n\n<div style=\"height:30px\" aria-hidden=\"true\" class=\"wp-block-spacer\"><\/div>\n\n\n\n<div class=\"wp-block-columns is-layout-flex wp-container-core-columns-is-layout-9d6595d7 wp-block-columns-is-layout-flex\">\n<div class=\"wp-block-column is-layout-flow wp-block-column-is-layout-flow\">\n<p>Unsere Liste hat mit <strong>60%<\/strong> den h\u00f6chsten <strong>Frauenanteil<\/strong> bei der Kommunalwahl 2026 in der Gemeinde Brechen im Vergleich zu den anderen sechs Listen.<\/p>\n\n\n\n<figure class=\"wp-block-image size-full\"><img loading=\"lazy\" decoding=\"async\" width=\"1000\" height=\"1000\" src=\"https:\/\/gruene-brechen-huenfelden.de\/wp-content\/uploads\/2026\/02\/Gruene_BRECHEN_Frauenanteil-Liste2026.png\" alt=\"Unsere Liste hat mit 60% den h\u00f6chsten Frauenanteil bei der Kommunalwahl 2026 in der Gemeinde Brechen im Vergleich zu den anderen Listen.\" class=\"wp-image-729\" srcset=\"https:\/\/gruene-brechen-huenfelden.de\/wp-content\/uploads\/2026\/02\/Gruene_BRECHEN_Frauenanteil-Liste2026.png 1000w, https:\/\/gruene-brechen-huenfelden.de\/wp-content\/uploads\/2026\/02\/Gruene_BRECHEN_Frauenanteil-Liste2026-300x300.png 300w, https:\/\/gruene-brechen-huenfelden.de\/wp-content\/uploads\/2026\/02\/Gruene_BRECHEN_Frauenanteil-Liste2026-150x150.png 150w, https:\/\/gruene-brechen-huenfelden.de\/wp-content\/uploads\/2026\/02\/Gruene_BRECHEN_Frauenanteil-Liste2026-768x768.png 768w\" sizes=\"auto, (max-width: 1000px) 100vw, 1000px\" \/><\/figure>\n<\/div>\n\n\n\n<div class=\"wp-block-column is-layout-flow wp-block-column-is-layout-flow\">\n<figure class=\"wp-block-image size-full\"><a href=\"https:\/\/gruene-brechen-huenfelden.de\/?attachment_id=743\"><img loading=\"lazy\" decoding=\"async\" width=\"1000\" height=\"1271\" src=\"https:\/\/gruene-brechen-huenfelden.de\/wp-content\/uploads\/2026\/02\/Gruene_Brechen-Generationen-Liste2026.png\" alt=\"Wir vertreten auf unserer Liste alle Generationen unserer Gemeinde.\" class=\"wp-image-743\" srcset=\"https:\/\/gruene-brechen-huenfelden.de\/wp-content\/uploads\/2026\/02\/Gruene_Brechen-Generationen-Liste2026.png 1000w, https:\/\/gruene-brechen-huenfelden.de\/wp-content\/uploads\/2026\/02\/Gruene_Brechen-Generationen-Liste2026-236x300.png 236w, https:\/\/gruene-brechen-huenfelden.de\/wp-content\/uploads\/2026\/02\/Gruene_Brechen-Generationen-Liste2026-806x1024.png 806w, https:\/\/gruene-brechen-huenfelden.de\/wp-content\/uploads\/2026\/02\/Gruene_Brechen-Generationen-Liste2026-768x976.png 768w\" sizes=\"auto, (max-width: 1000px) 100vw, 1000px\" \/><\/a><\/figure>\n<\/div>\n<\/div>\n\n\n\n<div style=\"height:30px\" aria-hidden=\"true\" class=\"wp-block-spacer\"><\/div>\n\n\n\n<p>B\u00dcNDNIS 90\/DIE GR\u00dcNEN BRECHEN-H\u00dcNFELDEN f\u00fcr Nachhaltigkeit, Transparenz &amp; eine lebenswerte Zukunft<\/p>\n\n\n\n<p><\/p>\n","protected":false},"excerpt":{"rendered":"<p>Nachhaltig. Modern. Lebenswert. Unsere Themenschwerpunkte zur Kommunalwahl 2026 in Brechen UMWELT &amp; ENERGIE Unsere Schwerpunkte: Wir unterst\u00fctzen: MOBILIT\u00c4T F\u00dcR ALLE Unsere Schwerpunkte: Wir unterst\u00fctzen: LEBENSWERTES BRECHEN Unsere Schwerpunkte: Wir unterst\u00fctzen: [&hellip;]<\/p>\n","protected":false},"author":9,"featured_media":445,"parent":367,"menu_order":0,"comment_status":"closed","ping_status":"closed","template":"","meta":{"footnotes":""},"class_list":["post-444","page","type-page","status-publish","has-post-thumbnail","hentry"],"_links":{"self":[{"href":"https:\/\/gruene-brechen-huenfelden.de\/index.php?rest_route=\/wp\/v2\/pages\/444","targetHints":{"allow":["GET"]}}],"collection":[{"href":"https:\/\/gruene-brechen-huenfelden.de\/index.php?rest_route=\/wp\/v2\/pages"}],"about":[{"href":"https:\/\/gruene-brechen-huenfelden.de\/index.php?rest_route=\/wp\/v2\/types\/page"}],"author":[{"embeddable":true,"href":"https:\/\/gruene-brechen-huenfelden.de\/index.php?rest_route=\/wp\/v2\/users\/9"}],"replies":[{"embeddable":true,"href":"https:\/\/gruene-brechen-huenfelden.de\/index.php?rest_route=%2Fwp%2Fv2%2Fcomments&post=444"}],"version-history":[{"count":9,"href":"https:\/\/gruene-brechen-huenfelden.de\/index.php?rest_route=\/wp\/v2\/pages\/444\/revisions"}],"predecessor-version":[{"id":778,"href":"https:\/\/gruene-brechen-huenfelden.de\/index.php?rest_route=\/wp\/v2\/pages\/444\/revisions\/778"}],"up":[{"embeddable":true,"href":"https:\/\/gruene-brechen-huenfelden.de\/index.php?rest_route=\/wp\/v2\/pages\/367"}],"wp:featuredmedia":[{"embeddable":true,"href":"https:\/\/gruene-brechen-huenfelden.de\/index.php?rest_route=\/wp\/v2\/media\/445"}],"wp:attachment":[{"href":"https:\/\/gruene-brechen-huenfelden.de\/index.php?rest_route=%2Fwp%2Fv2%2Fmedia&parent=444"}],"curies":[{"name":"wp","href":"https:\/\/api.w.org\/{rel}","templated":true}]}}