{"id":628,"date":"2026-02-18T20:36:40","date_gmt":"2026-02-18T20:36:40","guid":{"rendered":"https:\/\/gruene-brechen-huenfelden.de\/?page_id=628"},"modified":"2026-02-21T10:54:35","modified_gmt":"2026-02-21T10:54:35","slug":"andreas-schulze","status":"publish","type":"page","link":"https:\/\/gruene-brechen-huenfelden.de\/?page_id=628","title":{"rendered":"Andreas Schulze"},"content":{"rendered":"\n<h2 class=\"wp-block-heading\">Unser Kandidat auf Listenplatz 6 f\u00fcr H\u00fcnfelden<\/h2>\n\n\n\n<div class=\"wp-block-columns is-layout-flex wp-container-core-columns-is-layout-9d6595d7 wp-block-columns-is-layout-flex\">\n<div class=\"wp-block-column is-layout-flow wp-block-column-is-layout-flow\">\n<figure class=\"wp-block-image size-large\"><img loading=\"lazy\" decoding=\"async\" width=\"681\" height=\"1024\" src=\"https:\/\/gruene-brechen-huenfelden.de\/wp-content\/uploads\/2026\/02\/Andreas-Schulze_huenfelden_Z62_2545-681x1024.jpg\" alt=\"Andreas Schulze\" class=\"wp-image-459\" srcset=\"https:\/\/gruene-brechen-huenfelden.de\/wp-content\/uploads\/2026\/02\/Andreas-Schulze_huenfelden_Z62_2545-681x1024.jpg 681w, https:\/\/gruene-brechen-huenfelden.de\/wp-content\/uploads\/2026\/02\/Andreas-Schulze_huenfelden_Z62_2545-200x300.jpg 200w, https:\/\/gruene-brechen-huenfelden.de\/wp-content\/uploads\/2026\/02\/Andreas-Schulze_huenfelden_Z62_2545-768x1154.jpg 768w, https:\/\/gruene-brechen-huenfelden.de\/wp-content\/uploads\/2026\/02\/Andreas-Schulze_huenfelden_Z62_2545-1022x1536.jpg 1022w, https:\/\/gruene-brechen-huenfelden.de\/wp-content\/uploads\/2026\/02\/Andreas-Schulze_huenfelden_Z62_2545-1362x2048.jpg 1362w, https:\/\/gruene-brechen-huenfelden.de\/wp-content\/uploads\/2026\/02\/Andreas-Schulze_huenfelden_Z62_2545.jpg 1703w\" sizes=\"auto, (max-width: 681px) 100vw, 681px\" \/><\/figure>\n<\/div>\n\n\n\n<div class=\"wp-block-column is-layout-flow wp-block-column-is-layout-flow\">\n<p><strong>Das bin ich: <\/strong>61 Jahre<br>Seit mehr als 30 Jahren selbst\u00e4ndig als Industriedesigner.<\/p>\n\n\n\n<p>Mitglied im TV Dauborn, fr\u00fcher aktiver Basketballspieler.<\/p>\n\n\n\n<p>Entspannen kann ich, wenn ich mit dem Hund drau\u00dfen unterwegs bin.<\/p>\n\n\n\n<p>Ich lebe gerne in Dauborn, weil ich hier viele nette Nachbarn und Bekannte habe, die Landschaft viel zu bieten hat und man trotzdem kurze Wege in alle Welt hat.<\/p>\n\n\n\n<p><strong>Mir ist es wichtig<\/strong> unabh\u00e4ngig zu sein und ich m\u00f6chte in einer Gesellschaft leben, die demokratisch funktioniert und in der sich jeder einzelne Mensch mit seinen M\u00f6glichkeiten einbringen kann. Au\u00dferdem m\u00f6chte ich den Reichtum unseres Planeten m\u00f6glichst so erhalten, dass wir alle auch zuk\u00fcnftig seine Sch\u00f6nheit und Vielfalt erleben k\u00f6nnen. Daf\u00fcr gibt es einiges zu tun!<\/p>\n<\/div>\n<\/div>\n\n\n\n<div style=\"height:20px\" aria-hidden=\"true\" class=\"wp-block-spacer\"><\/div>\n\n\n\n<h3 class=\"wp-block-heading\">Ich m\u00f6chte eine transparente, solidarische Kommunalpolitik machen, die H\u00fcnfelden mit innovativen L\u00f6sungen weiterbringt. Nahverkehr st\u00e4rken! Nachhaltige Energieversorgung der Gemeinde ausbauen. Lebensraum f\u00fcr Tiere und Pflanzen erhalten und m\u00f6glichst verschwundene Arten wieder zur\u00fcckbringen.<\/h3>\n\n\n\n<div class=\"wp-block-columns is-layout-flex wp-container-core-columns-is-layout-9d6595d7 wp-block-columns-is-layout-flex\">\n<div class=\"wp-block-column is-layout-flow wp-block-column-is-layout-flow\">\n<div style=\"height:30px\" aria-hidden=\"true\" class=\"wp-block-spacer\"><\/div>\n\n\n\n<div class=\"wp-block-buttons is-content-justification-right is-layout-flex wp-container-core-buttons-is-layout-765c4724 wp-block-buttons-is-layout-flex\">\n<div class=\"wp-block-button\"><a class=\"wp-block-button__link wp-element-button\" href=\"https:\/\/gruene-brechen-huenfelden.de\/?page_id=407\">zur\u00fcck zur \u00dcbersicht<\/a><\/div>\n<\/div>\n<\/div>\n<\/div>\n\n\n\n<p class=\"has-text-align-center stoerer\">Am 15.03. GR\u00dcN w\u00e4hlen.<\/p>\n\n\n\n<p><\/p>\n","protected":false},"excerpt":{"rendered":"<p>Unser Kandidat auf Listenplatz 6 f\u00fcr H\u00fcnfelden Das bin ich: 61 JahreSeit mehr als 30 Jahren selbst\u00e4ndig als Industriedesigner. Mitglied im TV Dauborn, fr\u00fcher aktiver Basketballspieler. Entspannen kann ich, wenn [&hellip;]<\/p>\n","protected":false},"author":9,"featured_media":0,"parent":407,"menu_order":0,"comment_status":"closed","ping_status":"closed","template":"","meta":{"footnotes":""},"class_list":["post-628","page","type-page","status-publish","hentry"],"_links":{"self":[{"href":"https:\/\/gruene-brechen-huenfelden.de\/index.php?rest_route=\/wp\/v2\/pages\/628","targetHints":{"allow":["GET"]}}],"collection":[{"href":"https:\/\/gruene-brechen-huenfelden.de\/index.php?rest_route=\/wp\/v2\/pages"}],"about":[{"href":"https:\/\/gruene-brechen-huenfelden.de\/index.php?rest_route=\/wp\/v2\/types\/page"}],"author":[{"embeddable":true,"href":"https:\/\/gruene-brechen-huenfelden.de\/index.php?rest_route=\/wp\/v2\/users\/9"}],"replies":[{"embeddable":true,"href":"https:\/\/gruene-brechen-huenfelden.de\/index.php?rest_route=%2Fwp%2Fv2%2Fcomments&post=628"}],"version-history":[{"count":5,"href":"https:\/\/gruene-brechen-huenfelden.de\/index.php?rest_route=\/wp\/v2\/pages\/628\/revisions"}],"predecessor-version":[{"id":664,"href":"https:\/\/gruene-brechen-huenfelden.de\/index.php?rest_route=\/wp\/v2\/pages\/628\/revisions\/664"}],"up":[{"embeddable":true,"href":"https:\/\/gruene-brechen-huenfelden.de\/index.php?rest_route=\/wp\/v2\/pages\/407"}],"wp:attachment":[{"href":"https:\/\/gruene-brechen-huenfelden.de\/index.php?rest_route=%2Fwp%2Fv2%2Fmedia&parent=628"}],"curies":[{"name":"wp","href":"https:\/\/api.w.org\/{rel}","templated":true}]}}